{"id":16432,"date":"2023-05-03T13:11:04","date_gmt":"2023-05-03T11:11:04","guid":{"rendered":"https:\/\/www.cci.al\/?page_id=16432"},"modified":"2023-06-19T18:31:18","modified_gmt":"2023-06-19T16:31:18","slug":"missions-and-forums","status":"publish","type":"page","link":"https:\/\/www.cci.al\/en\/missions-and-forums\/","title":{"rendered":"Missions and Forums"},"content":{"rendered":"<div class=\"wpb-content-wrapper\"><p>[vc_row full_width=&#8221;stretch_row&#8221; wrap_container=&#8221;yes&#8221; is_section=&#8221;yes&#8221; section_skin=&#8221;parallax&#8221; remove_margin_top=&#8221;yes&#8221; remove_margin_bottom=&#8221;yes&#8221; remove_padding_bottom=&#8221;yes&#8221; conditional_render=&#8221;%5B%7B%22value_role%22%3A%22administrator%22%7D%5D&#8221;][vc_column width=&#8221;7\/12&#8243;]<div class=\"porto-u-heading  wpb_custom_e7f38cc1cc7309c4b5736b82cb7c845b porto-u-ad87e2eaf3f9c495180fe0156ddf3eb0 \"><div class=\"porto-u-main-heading\"><h2  >Missions and Forums<\/h2><\/div><style>.porto-u-ad87e2eaf3f9c495180fe0156ddf3eb0.porto-u-heading{text-align:left}<\/style><\/div>[vc_row_inner][vc_column_inner width=&#8221;11\/12&#8243;][vc_column_text]P\u00ebr t\u00eb zgjeruar mund\u00ebsit\u00eb e rrjet\u00ebzimit, aktivitetet nd\u00ebrkomb\u00ebtare t\u00eb Dhom\u00ebs s\u00eb Tregtis\u00eb dhe Industris\u00eb Tiran\u00eb kan\u00eb p\u00ebr q\u00ebllim nd\u00ebrkomb\u00ebtarizimin e nd\u00ebrmarrjeve shqiptare, t\u00ebrheqjen e investimeve t\u00eb huaja n\u00eb Shqip\u00ebri dhe bashk\u00ebpunimin e tyre me investitor\u00ebt shqiptar\u00eb.<\/p>\n<p><strong>Instrumentet p\u00ebr t\u00eb arritur k\u00ebto q\u00ebllime:<\/strong><\/p>\n<ul>\n<li>Organizimi i misioneve, forumeve t\u00eb biznesit dhe takimeve B2B nd\u00ebrmjet Shqip\u00ebris\u00eb dhe sip\u00ebrmarrjeve nd\u00ebrkomb\u00ebtare;<\/li>\n<li>Organizimi i prezantimit t\u00eb komunitetit t\u00eb biznesit shqiptar n\u00eb panaire dhe ekspozita nd\u00ebrkomb\u00ebtare;<\/li>\n<li>Pjes\u00ebmarrje n\u00eb projekte nd\u00ebrkomb\u00ebtare me partner\u00eb t\u00eb huaj;<\/li>\n<li>Organizimi i prezantimeve, tryezave t\u00eb rrumbullak\u00ebta, seminareve, konferencave, me q\u00ebllim edukimin e an\u00ebtar\u00ebve mbi mund\u00ebsit\u00eb p\u00ebr nd\u00ebrkomb\u00ebtarizimin e sip\u00ebrmarrjeve.<\/li>\n<\/ul>\n<p>[\/vc_column_text][\/vc_column_inner][vc_column_inner width=&#8221;1\/12&#8243;][\/vc_column_inner][\/vc_row_inner][\/vc_column][vc_column width=&#8221;5\/12&#8243;][vc_single_image image=&#8221;15799&#8243; img_size=&#8221;full&#8221;][\/vc_column][\/vc_row]<\/p>\n<\/div>","protected":false},"excerpt":{"rendered":"<p>[vc_row full_width=&#8221;stretch_row&#8221; wrap_container=&#8221;yes&#8221; is_section=&#8221;yes&#8221; section_skin=&#8221;parallax&#8221; remove_margin_top=&#8221;yes&#8221; remove_margin_bottom=&#8221;yes&#8221; remove_padding_bottom=&#8221;yes&#8221; conditional_render=&#8221;%5B%7B%22value_role%22%3A%22administrator%22%7D%5D&#8221;][vc_column width=&#8221;7\/12&#8243;][vc_row_inner][vc_column_inner width=&#8221;11\/12&#8243;][vc_column_text]P\u00ebr t\u00eb zgjeruar mund\u00ebsit\u00eb e rrjet\u00ebzimit, aktivitetet nd\u00ebrkomb\u00ebtare t\u00eb Dhom\u00ebs s\u00eb Tregtis\u00eb dhe Industris\u00eb Tiran\u00eb kan\u00eb p\u00ebr q\u00ebllim nd\u00ebrkomb\u00ebtarizimin e nd\u00ebrmarrjeve shqiptare, t\u00ebrheqjen e investimeve t\u00eb huaja n\u00eb Shqip\u00ebri dhe bashk\u00ebpunimin e tyre me investitor\u00ebt shqiptar\u00eb. Instrumentet p\u00ebr t\u00eb arritur k\u00ebto q\u00ebllime: Organizimi i misioneve, [&hellip;]<\/p>\n","protected":false},"author":1,"featured_media":0,"parent":0,"menu_order":0,"comment_status":"closed","ping_status":"closed","template":"","meta":{"inline_featured_image":false,"footnotes":""},"class_list":["post-16432","page","type-page","status-publish","hentry"],"yoast_head":"<!-- This site is optimized with the Yoast SEO plugin v26.7 - https:\/\/yoast.com\/wordpress\/plugins\/seo\/ -->\n<title>Missions and Forums - Dhoma e Tregtise &amp; Industrise Tirane<\/title>\n<meta name=\"robots\" content=\"index, follow, max-snippet:-1, max-image-preview:large, max-video-preview:-1\" \/>\n<link rel=\"canonical\" href=\"https:\/\/www.cci.al\/en\/missions-and-forums\/\" \/>\n<meta property=\"og:locale\" content=\"en_US\" \/>\n<meta property=\"og:type\" content=\"article\" \/>\n<meta property=\"og:title\" content=\"Missions and Forums - Dhoma e Tregtise &amp; Industrise Tirane\" \/>\n<meta property=\"og:description\" content=\"[vc_row full_width=&#8221;stretch_row&#8221; wrap_container=&#8221;yes&#8221; is_section=&#8221;yes&#8221; section_skin=&#8221;parallax&#8221; remove_margin_top=&#8221;yes&#8221; remove_margin_bottom=&#8221;yes&#8221; remove_padding_bottom=&#8221;yes&#8221; conditional_render=&#8221;%5B%7B%22value_role%22%3A%22administrator%22%7D%5D&#8221;][vc_column width=&#8221;7\/12&#8243;][vc_row_inner][vc_column_inner width=&#8221;11\/12&#8243;][vc_column_text]P\u00ebr t\u00eb zgjeruar mund\u00ebsit\u00eb e rrjet\u00ebzimit, aktivitetet nd\u00ebrkomb\u00ebtare t\u00eb Dhom\u00ebs s\u00eb Tregtis\u00eb dhe Industris\u00eb Tiran\u00eb kan\u00eb p\u00ebr q\u00ebllim nd\u00ebrkomb\u00ebtarizimin e nd\u00ebrmarrjeve shqiptare, t\u00ebrheqjen e investimeve t\u00eb huaja n\u00eb Shqip\u00ebri dhe bashk\u00ebpunimin e tyre me investitor\u00ebt shqiptar\u00eb. Instrumentet p\u00ebr t\u00eb arritur k\u00ebto q\u00ebllime: Organizimi i misioneve, [&hellip;]\" \/>\n<meta property=\"og:url\" content=\"https:\/\/www.cci.al\/en\/missions-and-forums\/\" \/>\n<meta property=\"og:site_name\" content=\"Dhoma e Tregtise &amp; Industrise Tirane\" \/>\n<meta property=\"article:publisher\" content=\"https:\/\/www.facebook.com\/ccitirana\/\" \/>\n<meta property=\"article:modified_time\" content=\"2023-06-19T16:31:18+00:00\" \/>\n<meta name=\"twitter:card\" content=\"summary_large_image\" \/>\n<meta name=\"twitter:site\" content=\"@dhomatirana\" \/>\n<meta name=\"twitter:label1\" content=\"Est. reading time\" \/>\n\t<meta name=\"twitter:data1\" content=\"1 minute\" \/>\n<script type=\"application\/ld+json\" class=\"yoast-schema-graph\">{\"@context\":\"https:\/\/schema.org\",\"@graph\":[{\"@type\":\"WebPage\",\"@id\":\"https:\/\/www.cci.al\/en\/missions-and-forums\/\",\"url\":\"https:\/\/www.cci.al\/en\/missions-and-forums\/\",\"name\":\"Missions and Forums - Dhoma e Tregtise &amp; Industrise Tirane\",\"isPartOf\":{\"@id\":\"https:\/\/www.cci.al\/en\/#website\"},\"datePublished\":\"2023-05-03T11:11:04+00:00\",\"dateModified\":\"2023-06-19T16:31:18+00:00\",\"breadcrumb\":{\"@id\":\"https:\/\/www.cci.al\/en\/missions-and-forums\/#breadcrumb\"},\"inLanguage\":\"en-US\",\"potentialAction\":[{\"@type\":\"ReadAction\",\"target\":[\"https:\/\/www.cci.al\/en\/missions-and-forums\/\"]}]},{\"@type\":\"BreadcrumbList\",\"@id\":\"https:\/\/www.cci.al\/en\/missions-and-forums\/#breadcrumb\",\"itemListElement\":[{\"@type\":\"ListItem\",\"position\":1,\"name\":\"Home\",\"item\":\"https:\/\/www.cci.al\/en\/\"},{\"@type\":\"ListItem\",\"position\":2,\"name\":\"Missions and Forums\"}]},{\"@type\":\"WebSite\",\"@id\":\"https:\/\/www.cci.al\/en\/#website\",\"url\":\"https:\/\/www.cci.al\/en\/\",\"name\":\"Dhoma e Tregtise dhe Industrise Tirane\",\"description\":\"CCIT\",\"publisher\":{\"@id\":\"https:\/\/www.cci.al\/en\/#organization\"},\"potentialAction\":[{\"@type\":\"SearchAction\",\"target\":{\"@type\":\"EntryPoint\",\"urlTemplate\":\"https:\/\/www.cci.al\/en\/?s={search_term_string}\"},\"query-input\":{\"@type\":\"PropertyValueSpecification\",\"valueRequired\":true,\"valueName\":\"search_term_string\"}}],\"inLanguage\":\"en-US\"},{\"@type\":\"Organization\",\"@id\":\"https:\/\/www.cci.al\/en\/#organization\",\"name\":\"Dhoma e Tregtise dhe Industrise Tirane\",\"url\":\"https:\/\/www.cci.al\/en\/\",\"logo\":{\"@type\":\"ImageObject\",\"inLanguage\":\"en-US\",\"@id\":\"https:\/\/www.cci.al\/en\/#\/schema\/logo\/image\/\",\"url\":\"https:\/\/www.cci.al\/wp-content\/uploads\/2023\/03\/logod-01.svg\",\"contentUrl\":\"https:\/\/www.cci.al\/wp-content\/uploads\/2023\/03\/logod-01.svg\",\"width\":\"1024\",\"height\":\"1024\",\"caption\":\"Dhoma e Tregtise dhe Industrise Tirane\"},\"image\":{\"@id\":\"https:\/\/www.cci.al\/en\/#\/schema\/logo\/image\/\"},\"sameAs\":[\"https:\/\/www.facebook.com\/ccitirana\/\",\"https:\/\/x.com\/dhomatirana\",\"https:\/\/www.youtube.com\/channel\/UCuzL-qcbS0k5qMU3b0xrmxA\",\"https:\/\/www.instagram.com\/cci_tirana\/\"]}]}<\/script>\n<!-- \/ Yoast SEO plugin. -->","yoast_head_json":{"title":"Missions and Forums - Dhoma e Tregtise &amp; Industrise Tirane","robots":{"index":"index","follow":"follow","max-snippet":"max-snippet:-1","max-image-preview":"max-image-preview:large","max-video-preview":"max-video-preview:-1"},"canonical":"https:\/\/www.cci.al\/en\/missions-and-forums\/","og_locale":"en_US","og_type":"article","og_title":"Missions and Forums - Dhoma e Tregtise &amp; Industrise Tirane","og_description":"[vc_row full_width=&#8221;stretch_row&#8221; wrap_container=&#8221;yes&#8221; is_section=&#8221;yes&#8221; section_skin=&#8221;parallax&#8221; remove_margin_top=&#8221;yes&#8221; remove_margin_bottom=&#8221;yes&#8221; remove_padding_bottom=&#8221;yes&#8221; conditional_render=&#8221;%5B%7B%22value_role%22%3A%22administrator%22%7D%5D&#8221;][vc_column width=&#8221;7\/12&#8243;][vc_row_inner][vc_column_inner width=&#8221;11\/12&#8243;][vc_column_text]P\u00ebr t\u00eb zgjeruar mund\u00ebsit\u00eb e rrjet\u00ebzimit, aktivitetet nd\u00ebrkomb\u00ebtare t\u00eb Dhom\u00ebs s\u00eb Tregtis\u00eb dhe Industris\u00eb Tiran\u00eb kan\u00eb p\u00ebr q\u00ebllim nd\u00ebrkomb\u00ebtarizimin e nd\u00ebrmarrjeve shqiptare, t\u00ebrheqjen e investimeve t\u00eb huaja n\u00eb Shqip\u00ebri dhe bashk\u00ebpunimin e tyre me investitor\u00ebt shqiptar\u00eb. Instrumentet p\u00ebr t\u00eb arritur k\u00ebto q\u00ebllime: Organizimi i misioneve, [&hellip;]","og_url":"https:\/\/www.cci.al\/en\/missions-and-forums\/","og_site_name":"Dhoma e Tregtise &amp; Industrise Tirane","article_publisher":"https:\/\/www.facebook.com\/ccitirana\/","article_modified_time":"2023-06-19T16:31:18+00:00","twitter_card":"summary_large_image","twitter_site":"@dhomatirana","twitter_misc":{"Est. reading time":"1 minute"},"schema":{"@context":"https:\/\/schema.org","@graph":[{"@type":"WebPage","@id":"https:\/\/www.cci.al\/en\/missions-and-forums\/","url":"https:\/\/www.cci.al\/en\/missions-and-forums\/","name":"Missions and Forums - Dhoma e Tregtise &amp; Industrise Tirane","isPartOf":{"@id":"https:\/\/www.cci.al\/en\/#website"},"datePublished":"2023-05-03T11:11:04+00:00","dateModified":"2023-06-19T16:31:18+00:00","breadcrumb":{"@id":"https:\/\/www.cci.al\/en\/missions-and-forums\/#breadcrumb"},"inLanguage":"en-US","potentialAction":[{"@type":"ReadAction","target":["https:\/\/www.cci.al\/en\/missions-and-forums\/"]}]},{"@type":"BreadcrumbList","@id":"https:\/\/www.cci.al\/en\/missions-and-forums\/#breadcrumb","itemListElement":[{"@type":"ListItem","position":1,"name":"Home","item":"https:\/\/www.cci.al\/en\/"},{"@type":"ListItem","position":2,"name":"Missions and Forums"}]},{"@type":"WebSite","@id":"https:\/\/www.cci.al\/en\/#website","url":"https:\/\/www.cci.al\/en\/","name":"Dhoma e Tregtise dhe Industrise Tirane","description":"CCIT","publisher":{"@id":"https:\/\/www.cci.al\/en\/#organization"},"potentialAction":[{"@type":"SearchAction","target":{"@type":"EntryPoint","urlTemplate":"https:\/\/www.cci.al\/en\/?s={search_term_string}"},"query-input":{"@type":"PropertyValueSpecification","valueRequired":true,"valueName":"search_term_string"}}],"inLanguage":"en-US"},{"@type":"Organization","@id":"https:\/\/www.cci.al\/en\/#organization","name":"Dhoma e Tregtise dhe Industrise Tirane","url":"https:\/\/www.cci.al\/en\/","logo":{"@type":"ImageObject","inLanguage":"en-US","@id":"https:\/\/www.cci.al\/en\/#\/schema\/logo\/image\/","url":"https:\/\/www.cci.al\/wp-content\/uploads\/2023\/03\/logod-01.svg","contentUrl":"https:\/\/www.cci.al\/wp-content\/uploads\/2023\/03\/logod-01.svg","width":"1024","height":"1024","caption":"Dhoma e Tregtise dhe Industrise Tirane"},"image":{"@id":"https:\/\/www.cci.al\/en\/#\/schema\/logo\/image\/"},"sameAs":["https:\/\/www.facebook.com\/ccitirana\/","https:\/\/x.com\/dhomatirana","https:\/\/www.youtube.com\/channel\/UCuzL-qcbS0k5qMU3b0xrmxA","https:\/\/www.instagram.com\/cci_tirana\/"]}]}},"_links":{"self":[{"href":"https:\/\/www.cci.al\/en\/wp-json\/wp\/v2\/pages\/16432","targetHints":{"allow":["GET"]}}],"collection":[{"href":"https:\/\/www.cci.al\/en\/wp-json\/wp\/v2\/pages"}],"about":[{"href":"https:\/\/www.cci.al\/en\/wp-json\/wp\/v2\/types\/page"}],"author":[{"embeddable":true,"href":"https:\/\/www.cci.al\/en\/wp-json\/wp\/v2\/users\/1"}],"replies":[{"embeddable":true,"href":"https:\/\/www.cci.al\/en\/wp-json\/wp\/v2\/comments?post=16432"}],"version-history":[{"count":1,"href":"https:\/\/www.cci.al\/en\/wp-json\/wp\/v2\/pages\/16432\/revisions"}],"predecessor-version":[{"id":16433,"href":"https:\/\/www.cci.al\/en\/wp-json\/wp\/v2\/pages\/16432\/revisions\/16433"}],"wp:attachment":[{"href":"https:\/\/www.cci.al\/en\/wp-json\/wp\/v2\/media?parent=16432"}],"curies":[{"name":"wp","href":"https:\/\/api.w.org\/{rel}","templated":true}]}}